{"id":801,"date":"2016-11-03T18:58:09","date_gmt":"2016-11-03T16:58:09","guid":{"rendered":"https:\/\/www.ireviajes.es\/ca\/?page_id=801"},"modified":"2024-02-12T02:11:50","modified_gmt":"2024-02-12T00:11:50","slug":"politica-de-privacitat","status":"publish","type":"page","link":"https:\/\/www.ireviajes.es\/ca\/politica-de-privacitat\/","title":{"rendered":"Pol\u00edtica de Privadesa"},"content":{"rendered":"<p><strong><u>Pol\u00edtica de Privadesa WEB<\/u><\/strong><\/p>\n<p>Segons el que estableix el RGPD (Reglament (UE) 2016\/679), els proporcionem la informaci\u00f3 detallada de Protecci\u00f3 de Dades que s&#8217;exposa a continuaci\u00f3:<\/p>\n<p><strong>Responsable:<\/strong><\/p>\n<p>Ra\u00f3 Social: Ir\u00e9 Viajes, S.L.<\/p>\n<p>C.I.F.: B62316443.<\/p>\n<p>Adre\u00e7a: C\/ Balmes, 301, Principal 2a, 08006 &#8211; Barcelona.<\/p>\n<p>Correu Electr\u00f2nic: administracion@ireviajes.es.<\/p>\n<p><strong>Finalitat:<\/strong><\/p>\n<p>L&#8217;informem que les dades de car\u00e0cter personal recollides, seran incorporades a un fitxer sota la nostra responsabilitat, amb la finalitat de gestionar l&#8217;enviament de la informaci\u00f3 que ens sol\u00b7licitin i facilitar als interessats ofertes de serveis del seu inter\u00e8s. Les dades proporcionades es conservaran mentre es mantingui la relaci\u00f3 comercial, durant els anys necessaris per complir amb les obligacions legals o fins que l\u2019interessat sol\u00b7liciti la seva supressi\u00f3.<\/p>\n<p><strong>Legitimaci\u00f3:<\/strong><\/p>\n<p>Les Dades de car\u00e0cter personal obtingudes en aquesta p\u00e0gina web, aix\u00ed com l&#8217;oferta de productes i serveis oferts, est\u00e0 basada en el consentiment que se li sol\u00b7licita a l&#8217;interessat.<\/p>\n<p>L&#8217;interessat tindr\u00e0 dret a retirar el seu consentiment en qualsevol moment. La retirada del consentiment no afectar\u00e0 la licitud del tractament basada en el consentiment previ a la seva retirada.<\/p>\n<p><strong>Destinataris:<\/strong><\/p>\n<p>No se cediran dades a tercers, excepte obligaci\u00f3 legal.<\/p>\n<p><strong>\u00a0<\/strong><\/p>\n<p><strong>Drets:<\/strong><\/p>\n<p>Vost\u00e8 com a interessat directe, t\u00e9 dret a obtenir confirmaci\u00f3 sobre si a\u00a0Ir\u00e9 Viajes, S.L.\u00a0estem tractant dades personals que el concerneixen, o no. Vost\u00e8 t\u00e9 dret a accedir a les seves dades personals, aix\u00ed com a sol\u00b7licitar la rectificaci\u00f3 de les dades inexactes o, si s\u2019escau, a sol\u00b7licitar la seva supressi\u00f3 quan, entre d&#8217;altres motius, les dades ja no siguin necess\u00e0ries per als fins que van ser recollides. En determinades circumst\u00e0ncies, vost\u00e8 podr\u00e0 sol\u00b7licitar la limitaci\u00f3 del tractament de les seves dades, en aquest cas \u00fanicament les conservarem per a l&#8217;exercici o la defensa de reclamacions.<\/p>\n<p>En determinades circumst\u00e0ncies i per motius relacionats amb la seva situaci\u00f3 particular, vost\u00e8 podr\u00e0 oposar-se al tractament de les seves dades.\u00a0Ir\u00e9 Viajes, S.L.\u00a0deixar\u00e0 de tractar les dades, excepte per motius leg\u00edtims imperiosos, o l&#8217;exercici o la defensa de possibles reclamacions.<\/p>\n<p>En determinades circumst\u00e0ncies, vost\u00e8 tindr\u00e0 dret a rebre les dades personals que li incumbeixin i que ens hagi facilitat, i trametre-les o sol\u00b7licitar que les proporcionem a un tercer sense objecci\u00f3 per la nostra part (dret a la portabilitat de dades).<\/p>\n<p>En determinades circumst\u00e0ncies, l&#8217;informem que t\u00e9 dret a no ser objecte d\u2019una decisi\u00f3 basada \u00fanicament en el tractament automatitzat, inclosa l&#8217;elaboraci\u00f3 de perfils, que produeixi efectes jur\u00eddics sobre vost\u00e8 o l\u2019afecti significativament de manera similar.<\/p>\n<p>D&#8217;altra banda l\u2019informem que si considera que s&#8217;ha com\u00e8s una infracci\u00f3 respecte al tractament de les seves dades personals, t\u00e9 dret a presentar una reclamaci\u00f3 davant l&#8217;Autoritat de Control, l&#8217;Ag\u00e8ncia Espanyola de Protecci\u00f3 de Dades, C \/ Jorge Juan, 6, 28001 &#8211; Madrid.<\/p>\n","protected":false},"excerpt":{"rendered":"<p>Pol\u00edtica de Privadesa WEB Segons el que estableix el RGPD (Reglament (UE) 2016\/679), els proporcionem la informaci\u00f3 detallada de Protecci\u00f3 de Dades que s&#8217;exposa a continuaci\u00f3: Responsable: Ra\u00f3 Social: Ir\u00e9 Viajes, S.L. C.I.F.: B62316443. Adre\u00e7a: C\/ Balmes, 301, Principal 2a, 08006 &#8211; Barcelona. Correu Electr\u00f2nic: administracion@ireviajes.es. Finalitat: L&#8217;informem que les dades de car\u00e0cter personal recollides, [&hellip;]<\/p>\n","protected":false},"author":1,"featured_media":0,"parent":0,"menu_order":0,"comment_status":"closed","ping_status":"closed","template":"","meta":{"footnotes":""},"yoast_head":"<!-- This site is optimized with the Yoast SEO plugin v15.0 - https:\/\/yoast.com\/wordpress\/plugins\/seo\/ -->\n<meta name=\"robots\" content=\"index, follow, max-snippet:-1, max-image-preview:large, max-video-preview:-1\" \/>\n<link rel=\"canonical\" href=\"https:\/\/www.ireviajes.es\/ca\/politica-de-privacitat\/\" \/>\n<meta property=\"og:locale\" content=\"ca_ES\" \/>\n<meta property=\"og:type\" content=\"article\" \/>\n<meta property=\"og:title\" content=\"Pol\u00edtica de Privadesa - IreViajes\" \/>\n<meta property=\"og:description\" content=\"Pol\u00edtica de Privadesa WEB Segons el que estableix el RGPD (Reglament (UE) 2016\/679), els proporcionem la informaci\u00f3 detallada de Protecci\u00f3 de Dades que s&#8217;exposa a continuaci\u00f3: Responsable: Ra\u00f3 Social: Ir\u00e9 Viajes, S.L. C.I.F.: B62316443. Adre\u00e7a: C\/ Balmes, 301, Principal 2a, 08006 &#8211; Barcelona. Correu Electr\u00f2nic: administracion@ireviajes.es. Finalitat: L&#8217;informem que les dades de car\u00e0cter personal recollides, [&hellip;]\" \/>\n<meta property=\"og:url\" content=\"https:\/\/www.ireviajes.es\/ca\/politica-de-privacitat\/\" \/>\n<meta property=\"og:site_name\" content=\"IreViajes\" \/>\n<meta property=\"article:modified_time\" content=\"2024-02-12T00:11:50+00:00\" \/>\n<meta name=\"twitter:card\" content=\"summary\" \/>\n<script type=\"application\/ld+json\" class=\"yoast-schema-graph\">{\"@context\":\"https:\/\/schema.org\",\"@graph\":[{\"@type\":\"WebSite\",\"@id\":\"https:\/\/www.ireviajes.es\/ca\/#website\",\"url\":\"https:\/\/www.ireviajes.es\/ca\/\",\"name\":\"IreViajes\",\"description\":\"IreViajes\",\"potentialAction\":[{\"@type\":\"SearchAction\",\"target\":\"https:\/\/www.ireviajes.es\/ca\/?s={search_term_string}\",\"query-input\":\"required name=search_term_string\"}],\"inLanguage\":\"ca\"},{\"@type\":\"WebPage\",\"@id\":\"https:\/\/www.ireviajes.es\/ca\/politica-de-privacitat\/#webpage\",\"url\":\"https:\/\/www.ireviajes.es\/ca\/politica-de-privacitat\/\",\"name\":\"Pol\\u00edtica de Privadesa - IreViajes\",\"isPartOf\":{\"@id\":\"https:\/\/www.ireviajes.es\/ca\/#website\"},\"datePublished\":\"2016-11-03T16:58:09+00:00\",\"dateModified\":\"2024-02-12T00:11:50+00:00\",\"inLanguage\":\"ca\",\"potentialAction\":[{\"@type\":\"ReadAction\",\"target\":[\"https:\/\/www.ireviajes.es\/ca\/politica-de-privacitat\/\"]}]}]}<\/script>\n<!-- \/ Yoast SEO plugin. -->","_links":{"self":[{"href":"https:\/\/www.ireviajes.es\/ca\/wp-json\/wp\/v2\/pages\/801"}],"collection":[{"href":"https:\/\/www.ireviajes.es\/ca\/wp-json\/wp\/v2\/pages"}],"about":[{"href":"https:\/\/www.ireviajes.es\/ca\/wp-json\/wp\/v2\/types\/page"}],"author":[{"embeddable":true,"href":"https:\/\/www.ireviajes.es\/ca\/wp-json\/wp\/v2\/users\/1"}],"replies":[{"embeddable":true,"href":"https:\/\/www.ireviajes.es\/ca\/wp-json\/wp\/v2\/comments?post=801"}],"version-history":[{"count":3,"href":"https:\/\/www.ireviajes.es\/ca\/wp-json\/wp\/v2\/pages\/801\/revisions"}],"predecessor-version":[{"id":1217,"href":"https:\/\/www.ireviajes.es\/ca\/wp-json\/wp\/v2\/pages\/801\/revisions\/1217"}],"wp:attachment":[{"href":"https:\/\/www.ireviajes.es\/ca\/wp-json\/wp\/v2\/media?parent=801"}],"curies":[{"name":"wp","href":"https:\/\/api.w.org\/{rel}","templated":true}]}}