{"id":793,"date":"2016-09-06T12:42:07","date_gmt":"2016-09-06T10:42:07","guid":{"rendered":"https:\/\/www.ireviajes.es\/ca\/aviso-legal\/"},"modified":"2024-02-12T02:05:41","modified_gmt":"2024-02-12T00:05:41","slug":"avis-legal","status":"publish","type":"page","link":"https:\/\/www.ireviajes.es\/ca\/avis-legal\/","title":{"rendered":"Av\u00eds legal"},"content":{"rendered":"<p>En compliment amb el deure d&#8217;informaci\u00f3 recollit a l&#8217;article 10 de la Llei 34\/2002, de 11 de Juliol, de Serveis de la Societat de la Informaci\u00f3 i de Comer\u00e7 Electr\u00f2nic, els proporcionem a continuaci\u00f3 la informaci\u00f3 relativa a titular de la P\u00e0gina Web:<\/p>\n<p><strong>Identificaci\u00f3:<\/strong><\/p>\n<p><strong>Titular<\/strong>: Ir\u00e9 Viajes, S.L. (en endavant, el \u201cTitular\u201d).<\/p>\n<p><strong>NIF\/CIF<\/strong><strong>:<\/strong> B62316443.<\/p>\n<p><strong>Registre: <\/strong>full B22071, foli 185 del tom 32891, inscripci\u00f3 1a<\/p>\n<p><strong><br \/>\nDomicili<\/strong>: C\/ Balmes, 301, Principal 2a, 08006 &#8211; Barcelona.<br \/>\n<strong>Correu Electr\u00f2nic<\/strong>: administracion@ireviajes.es.<\/p>\n<p><strong>Objecte:<\/strong><\/p>\n<p>El present Av\u00eds Legal regula l&#8217;acc\u00e9s, navegaci\u00f3 i utilitzaci\u00f3 del Lloc Web, sense perjudici que el titular es reservi el dret a modificar la presentaci\u00f3, configuraci\u00f3 i contingut del Lloc Web, aix\u00ed com les condicions requerides pel seu acc\u00e9s i \/ o utilitzaci\u00f3. L&#8217;acc\u00e9s i \/ o utilitzaci\u00f3 del Lloc Web despr\u00e9s de l&#8217;entrada en vigor de les seves modificacions o canvis suposen l&#8217;acceptaci\u00f3 dels mateixos.<\/p>\n<p>No obstant aix\u00f2, l&#8217;acc\u00e9s i la utilitzaci\u00f3 de certs continguts i \/ o serveis pot trobar-se sotm\u00e8s a determinades condicions espec\u00edfiques.<\/p>\n<p>A l&#8217;efecte de la interpretaci\u00f3 del present Av\u00eds Legal, s&#8217;ent\u00e9n que una persona passa a ser usu\u00e0ria (en endavant, &#8220;Usuari&#8221; o &#8220;Usuaris&#8221;) en el moment en qu\u00e8 aquesta accepta el present Av\u00eds Legal i la Pol\u00edtica de Privadesa exposades al Lloc Web.<\/p>\n<p><strong>Responsabilitats:<\/strong><\/p>\n<p>El Titular no es fa responsable de la informaci\u00f3 i continguts emmagatzemats en f\u00f2rums, xarxes socials o qualsevol altre mitj\u00e0 que permeti a tercers publicar continguts de forma independent a la p\u00e0gina web del prestador.<\/p>\n<p>No obstant aix\u00f2, tenint en compte els art. 11 i 16 de la LSSI-CE, El Titular es compromet a la retirada o si escau al bloqueig d&#8217;aquells continguts que puguin afectar o contravenir la legislaci\u00f3 nacional o internacional, drets de tercers o la moral i l&#8217;ordre p\u00fablic.<\/p>\n<p>Tampoc l&#8217;empresa es far\u00e0 responsable dels danys i perjudicis que es produeixin per errades o males configuracions del software instal\u00b7lat a l&#8217;ordinador de l&#8217;Usuari. S&#8217;exclou tota responsabilitat per alguna incid\u00e8ncia t\u00e8cnica o errada que es produeixi quan l&#8217;Usuari es connecti a Internet. Igualment no es garanteix la inexist\u00e8ncia d&#8217;interrupcions o errors en l&#8217;acc\u00e9s a la p\u00e0gina web.<\/p>\n<p>L&#8217;Usuari haur\u00e0 de respectar en tot moment els termes i condicions establerts en les presents condicions generals d&#8217;\u00fas del portal. De forma expressa l&#8217;Usuari manifesta que utilitzar\u00e0 el portal de forma diligent i assumint qualsevol responsabilitat que pogu\u00e9s derivar-se de l&#8217;incompliment de les normes.<\/p>\n<p>Aix\u00ed mateix, l&#8217;usuari no podr\u00e0 utilitzar el portal per transmetre, emmagatzemar, divulgar promoure o distribuir dades o continguts que siguin portadors de virus o qualsevol altre codi inform\u00e0tic, arxius o programes dissenyats per interrompre, destruir o perjudicar el funcionament de qualsevol programa o equip inform\u00e0tic o de telecomunicacions.<\/p>\n<p><strong>\u00a0<\/strong><\/p>\n<p><strong>Protecci\u00f3 de Dades Personals:<\/strong><\/p>\n<p>De conformitat amb el que disposa el REGLAMENT (UE) 2016\/679 DEL PARLAMENT EUROPEU I DEL CONSELL de 27 d&#8217;abril de 2016 relatiu a la protecci\u00f3 de les persones f\u00edsiques pel que fa al tractament de dades personals i a la lliure circulaci\u00f3 d&#8217;aquestes dades i pel qual es deroga la Directiva 95\/46\/CE i en la Llei Org\u00e0nica 3\/2018, de 5 de desembre, de Protecci\u00f3 de dades Personals i garantia dels drets digitals totes les dades de car\u00e0cter personal facilitades durant la utilitzaci\u00f3 del lloc web seran tractades de conformitat amb els disposat en la nostra Pol\u00edtica de Privacitat.<\/p>\n<p><strong>Menors d\u2019Edat:<\/strong><\/p>\n<p>En tot cas, queda prohibit l&#8217;acc\u00e9s i navegaci\u00f3 al Lloc Web per part dels menors de catorze (14) anys d&#8217;edat, llevat que comptin amb l&#8217;autoritzaci\u00f3 pr\u00e8via i expressa dels seus pares, tutors o representants legals, els quals seran considerats com a responsables dels actes que portin a terme els menors al seu c\u00e0rrec, d&#8217;acord amb la normativa vigent. En tot cas, es presumeix que l&#8217;acc\u00e9s realitzat per un menor al lloc web s&#8217;ha realitzat amb autoritzaci\u00f3 pr\u00e8via i expressa dels seus pares, tutors o representants legals.<\/p>\n<p><strong>Propietat Intel\u00b7lectual i Industrial:<\/strong><\/p>\n<p>En virtut del que disposen els articles 8 i 32.1, par\u00e0graf segon, de la Llei de Propietat Intel\u00b7lectual, queden expressament prohibides la reproducci\u00f3, la distribuci\u00f3 i la comunicaci\u00f3 p\u00fablica, inclosa la seva modalitat de posada a disposici\u00f3, de la totalitat o part dels continguts d&#8217;aquesta p\u00e0gina web, amb fins comercials, en qualsevol suport i per qualsevol mitj\u00e0 t\u00e8cnic, sense l&#8217;autoritzaci\u00f3 del Titular.<\/p>\n<p>Tots els continguts, marques, logos, dibuixos, documentaci\u00f3, programes inform\u00e0tics o qualsevol altre element susceptible de protecci\u00f3 per la legislaci\u00f3 de propietat intel\u00b7lectual o industrial, que siguin accessibles a la web, corresponen exclusivament el titular sense que es puguin entendre cedits a l&#8217;Usuari cap dels drets d&#8217;explotaci\u00f3 reconeguts per la normativa vigent en mat\u00e8ria de propietat intel\u00b7lectual sobre els mateixos.<\/p>\n<p><strong>Llei Aplicable i Jurisdicci\u00f3:<\/strong><\/p>\n<p>Aquest Lloc Web es regeix per la legislaci\u00f3 vigent a Espanya.<\/p>\n<p>El Titular i l&#8217;Usuari acorden sotmetre qualsevol controv\u00e8rsia que pogu\u00e9s suscitar-se de\u00a0\u00a0\u00a0\u00a0\u00a0\u00a0\u00a0\u00a0\u00a0\u00a0\u00a0\u00a0\u00a0\u00a0 la interpretaci\u00f3 i aplicaci\u00f3 del present Av\u00eds Legal a la jurisdicci\u00f3 dels Jutjats i Tribunals de Barcelona, \u200b\u200bamb ren\u00fancia al seu f\u00f2rum propi si n&#8217;hi hagu\u00e9s.<\/p>\n","protected":false},"excerpt":{"rendered":"<p>En compliment amb el deure d&#8217;informaci\u00f3 recollit a l&#8217;article 10 de la Llei 34\/2002, de 11 de Juliol, de Serveis de la Societat de la Informaci\u00f3 i de Comer\u00e7 Electr\u00f2nic, els proporcionem a continuaci\u00f3 la informaci\u00f3 relativa a titular de la P\u00e0gina Web: Identificaci\u00f3: Titular: Ir\u00e9 Viajes, S.L. (en endavant, el \u201cTitular\u201d). NIF\/CIF: B62316443. Registre: [&hellip;]<\/p>\n","protected":false},"author":1,"featured_media":0,"parent":0,"menu_order":0,"comment_status":"closed","ping_status":"closed","template":"","meta":{"footnotes":""},"yoast_head":"<!-- This site is optimized with the Yoast SEO plugin v15.0 - https:\/\/yoast.com\/wordpress\/plugins\/seo\/ -->\n<meta name=\"robots\" content=\"index, follow, max-snippet:-1, max-image-preview:large, max-video-preview:-1\" \/>\n<link rel=\"canonical\" href=\"https:\/\/www.ireviajes.es\/ca\/avis-legal\/\" \/>\n<meta property=\"og:locale\" content=\"ca_ES\" \/>\n<meta property=\"og:type\" content=\"article\" \/>\n<meta property=\"og:title\" content=\"Av\u00eds legal - IreViajes\" \/>\n<meta property=\"og:description\" content=\"En compliment amb el deure d&#8217;informaci\u00f3 recollit a l&#8217;article 10 de la Llei 34\/2002, de 11 de Juliol, de Serveis de la Societat de la Informaci\u00f3 i de Comer\u00e7 Electr\u00f2nic, els proporcionem a continuaci\u00f3 la informaci\u00f3 relativa a titular de la P\u00e0gina Web: Identificaci\u00f3: Titular: Ir\u00e9 Viajes, S.L. (en endavant, el \u201cTitular\u201d). NIF\/CIF: B62316443. Registre: [&hellip;]\" \/>\n<meta property=\"og:url\" content=\"https:\/\/www.ireviajes.es\/ca\/avis-legal\/\" \/>\n<meta property=\"og:site_name\" content=\"IreViajes\" \/>\n<meta property=\"article:modified_time\" content=\"2024-02-12T00:05:41+00:00\" \/>\n<meta name=\"twitter:card\" content=\"summary\" \/>\n<script type=\"application\/ld+json\" class=\"yoast-schema-graph\">{\"@context\":\"https:\/\/schema.org\",\"@graph\":[{\"@type\":\"WebSite\",\"@id\":\"https:\/\/www.ireviajes.es\/ca\/#website\",\"url\":\"https:\/\/www.ireviajes.es\/ca\/\",\"name\":\"IreViajes\",\"description\":\"IreViajes\",\"potentialAction\":[{\"@type\":\"SearchAction\",\"target\":\"https:\/\/www.ireviajes.es\/ca\/?s={search_term_string}\",\"query-input\":\"required name=search_term_string\"}],\"inLanguage\":\"ca\"},{\"@type\":\"WebPage\",\"@id\":\"https:\/\/www.ireviajes.es\/ca\/avis-legal\/#webpage\",\"url\":\"https:\/\/www.ireviajes.es\/ca\/avis-legal\/\",\"name\":\"Av\\u00eds legal - IreViajes\",\"isPartOf\":{\"@id\":\"https:\/\/www.ireviajes.es\/ca\/#website\"},\"datePublished\":\"2016-09-06T10:42:07+00:00\",\"dateModified\":\"2024-02-12T00:05:41+00:00\",\"inLanguage\":\"ca\",\"potentialAction\":[{\"@type\":\"ReadAction\",\"target\":[\"https:\/\/www.ireviajes.es\/ca\/avis-legal\/\"]}]}]}<\/script>\n<!-- \/ Yoast SEO plugin. -->","_links":{"self":[{"href":"https:\/\/www.ireviajes.es\/ca\/wp-json\/wp\/v2\/pages\/793"}],"collection":[{"href":"https:\/\/www.ireviajes.es\/ca\/wp-json\/wp\/v2\/pages"}],"about":[{"href":"https:\/\/www.ireviajes.es\/ca\/wp-json\/wp\/v2\/types\/page"}],"author":[{"embeddable":true,"href":"https:\/\/www.ireviajes.es\/ca\/wp-json\/wp\/v2\/users\/1"}],"replies":[{"embeddable":true,"href":"https:\/\/www.ireviajes.es\/ca\/wp-json\/wp\/v2\/comments?post=793"}],"version-history":[{"count":3,"href":"https:\/\/www.ireviajes.es\/ca\/wp-json\/wp\/v2\/pages\/793\/revisions"}],"predecessor-version":[{"id":1219,"href":"https:\/\/www.ireviajes.es\/ca\/wp-json\/wp\/v2\/pages\/793\/revisions\/1219"}],"wp:attachment":[{"href":"https:\/\/www.ireviajes.es\/ca\/wp-json\/wp\/v2\/media?parent=793"}],"curies":[{"name":"wp","href":"https:\/\/api.w.org\/{rel}","templated":true}]}}