{"id":718,"date":"2016-08-03T14:56:43","date_gmt":"2016-08-03T12:56:43","guid":{"rendered":"https:\/\/www.ireviajes.es\/ca\/business-travel\/"},"modified":"2016-11-02T18:30:22","modified_gmt":"2016-11-02T16:30:22","slug":"viatges-empresa","status":"publish","type":"page","link":"https:\/\/www.ireviajes.es\/ca\/viatges-empresa\/","title":{"rendered":"Viatges d&#8217;empresa"},"content":{"rendered":"<p>[vc_row][vc_column width=&#8221;1\/2&#8243;][vc_single_image image=&#8221;578&#8243; img_size=&#8221;668&#215;420&#8243;][\/vc_column][vc_column width=&#8221;1\/2&#8243;][vc_column_text]<span lang=\"CA\">Organitzar un viatge d&#8217;empresa \u00e9s una gran responsabilitat que requereix la capacitat de controlar el pressupost assignat, tot oferint el millor servei.<\/span><\/p>\n<p><span lang=\"CA\">Ens agrada tenir cura de tu en tot moment. Que la reuni\u00f3 ha acabat abans d&#8217;hora i vols avan\u00e7ar el viatge? Posa&#8217;t en contacte amb l&#8217;equip d&#8217;Ir\u00e9 per modificar el viatge de tornada.<\/span><\/p>\n<p><span lang=\"CA\">El nostre objectiu \u00e9s treballar per solucionar qualsevol contratemps, tenim clar que estem per donar servei, som \u00e0gils duent a terme tot el proc\u00e9s: reservant, organitzant, tornant a reservar.<\/span><\/p>\n<p><span lang=\"CA\">Gaudim amb el que fem i no ens preocupen els canvis ni els contratemps. Al contrari! Sabem com tractar-los perqu\u00e8 s\u00f3n part del nostre dia a dia.<\/span><\/p>\n<p><span lang=\"CA\">Som membres d&#8217;associacions com AVASA, que ens permeten tenir tarifes negociades competitives i controlar al m\u00e0xim els costos dels viatges, tot i ser una petita empresa familiar.<\/span>[\/vc_column_text][\/vc_column][\/vc_row]<\/p>\n","protected":false},"excerpt":{"rendered":"<p>[vc_row][vc_column width=&#8221;1\/2&#8243;][vc_single_image image=&#8221;578&#8243; img_size=&#8221;668&#215;420&#8243;][\/vc_column][vc_column width=&#8221;1\/2&#8243;][vc_column_text]Organitzar un viatge d&#8217;empresa \u00e9s una gran responsabilitat que requereix la capacitat de controlar el pressupost assignat, tot oferint el millor servei. Ens agrada tenir cura de tu en tot moment. Que la reuni\u00f3 ha acabat abans d&#8217;hora i vols avan\u00e7ar el viatge? Posa&#8217;t en contacte amb l&#8217;equip d&#8217;Ir\u00e9 per modificar [&hellip;]<\/p>\n","protected":false},"author":1,"featured_media":0,"parent":0,"menu_order":0,"comment_status":"closed","ping_status":"closed","template":"","meta":{"footnotes":""},"yoast_head":"<!-- This site is optimized with the Yoast SEO plugin v15.0 - https:\/\/yoast.com\/wordpress\/plugins\/seo\/ -->\n<meta name=\"robots\" content=\"index, follow, max-snippet:-1, max-image-preview:large, max-video-preview:-1\" \/>\n<link rel=\"canonical\" href=\"https:\/\/www.ireviajes.es\/viajes-de-empresa\/\" \/>\n<meta property=\"og:locale\" content=\"ca_ES\" \/>\n<meta property=\"og:type\" content=\"article\" \/>\n<meta property=\"og:title\" content=\"Business travel | ir\u00e9 Viajes\" \/>\n<meta property=\"og:description\" content=\"[vc_row][vc_column width=&#8221;1\/2&#8243;][vc_single_image image=&#8221;578&#8243; img_size=&#8221;668&#215;420&#8243;][\/vc_column][vc_column width=&#8221;1\/2&#8243;][vc_column_text]Organitzar un viatge d&#8217;empresa \u00e9s una gran responsabilitat que requereix la capacitat de controlar el pressupost assignat, tot oferint el millor servei. Ens agrada tenir cura de tu en tot moment. Que la reuni\u00f3 ha acabat abans d&#8217;hora i vols avan\u00e7ar el viatge? Posa&#8217;t en contacte amb l&#8217;equip d&#8217;Ir\u00e9 per modificar [&hellip;]\" \/>\n<meta property=\"og:url\" content=\"https:\/\/www.ireviajes.es\/viajes-de-empresa\/\" \/>\n<meta property=\"og:site_name\" content=\"IreViajes\" \/>\n<meta property=\"article:modified_time\" content=\"2016-11-02T16:30:22+00:00\" \/>\n<meta name=\"twitter:card\" content=\"summary\" \/>\n<script type=\"application\/ld+json\" class=\"yoast-schema-graph\">{\"@context\":\"https:\/\/schema.org\",\"@graph\":[{\"@type\":\"WebSite\",\"@id\":\"https:\/\/www.ireviajes.es\/ca\/#website\",\"url\":\"https:\/\/www.ireviajes.es\/ca\/\",\"name\":\"IreViajes\",\"description\":\"IreViajes\",\"potentialAction\":[{\"@type\":\"SearchAction\",\"target\":\"https:\/\/www.ireviajes.es\/ca\/?s={search_term_string}\",\"query-input\":\"required name=search_term_string\"}],\"inLanguage\":\"ca\"},{\"@type\":\"WebPage\",\"@id\":\"https:\/\/www.ireviajes.es\/viajes-de-empresa\/#webpage\",\"url\":\"https:\/\/www.ireviajes.es\/viajes-de-empresa\/\",\"name\":\"Business travel | ir\\u00e9 Viajes\",\"isPartOf\":{\"@id\":\"https:\/\/www.ireviajes.es\/ca\/#website\"},\"datePublished\":\"2016-08-03T12:56:43+00:00\",\"dateModified\":\"2016-11-02T16:30:22+00:00\",\"inLanguage\":\"ca\",\"potentialAction\":[{\"@type\":\"ReadAction\",\"target\":[\"https:\/\/www.ireviajes.es\/viajes-de-empresa\/\"]}]}]}<\/script>\n<!-- \/ Yoast SEO plugin. -->","_links":{"self":[{"href":"https:\/\/www.ireviajes.es\/ca\/wp-json\/wp\/v2\/pages\/718"}],"collection":[{"href":"https:\/\/www.ireviajes.es\/ca\/wp-json\/wp\/v2\/pages"}],"about":[{"href":"https:\/\/www.ireviajes.es\/ca\/wp-json\/wp\/v2\/types\/page"}],"author":[{"embeddable":true,"href":"https:\/\/www.ireviajes.es\/ca\/wp-json\/wp\/v2\/users\/1"}],"replies":[{"embeddable":true,"href":"https:\/\/www.ireviajes.es\/ca\/wp-json\/wp\/v2\/comments?post=718"}],"version-history":[{"count":1,"href":"https:\/\/www.ireviajes.es\/ca\/wp-json\/wp\/v2\/pages\/718\/revisions"}],"predecessor-version":[{"id":719,"href":"https:\/\/www.ireviajes.es\/ca\/wp-json\/wp\/v2\/pages\/718\/revisions\/719"}],"wp:attachment":[{"href":"https:\/\/www.ireviajes.es\/ca\/wp-json\/wp\/v2\/media?parent=718"}],"curies":[{"name":"wp","href":"https:\/\/api.w.org\/{rel}","templated":true}]}}