{"id":715,"date":"2016-06-09T11:04:42","date_gmt":"2016-06-09T09:04:42","guid":{"rendered":"https:\/\/www.ireviajes.es\/ca\/viajes-tematicos\/"},"modified":"2016-11-02T18:24:02","modified_gmt":"2016-11-02T16:24:02","slug":"viatges-tematics","status":"publish","type":"page","link":"https:\/\/www.ireviajes.es\/ca\/viatges-tematics\/","title":{"rendered":"Viatges tem\u00e0tics"},"content":{"rendered":"<p>[vc_row][vc_column width=&#8221;1\/2&#8243;][vc_single_image image=&#8221;520&#8243; img_size=&#8221;668&#215;420&#8243;][\/vc_column][vc_column width=&#8221;1\/2&#8243;][vc_column_text]<span lang=\"CA\">Sou dels que celebren els grans esdeveniments amb un espl\u00e8ndid viatge familiar?<\/span><\/p>\n<p><span lang=\"CA\">Et ve de gust viure en primera persona un gran esdeveniment esportiu? Ja sigui el Gran Premi de M\u00f2naco o la Marat\u00f3 de Nova York&#8230;<\/span><\/p>\n<p><span lang=\"CA\">Vols viure l&#8217;experi\u00e8ncia d&#8217;assistir a l&#8217;\u00f2pera de Mil\u00e0 amb un grup d&#8217;amics?<\/span><\/p>\n<p><span lang=\"CA\">Quan ens encarreguem de muntar una experi\u00e8ncia, tot el nostre equip es posa en marxa per garantir que en el teu viatge no quedi absolutament res a l&#8217;atzar.<\/span><\/p>\n<p><span lang=\"CA\">Treballem per confeccionar una experi\u00e8ncia \u00fanica i irrepetible, reservant les millors taules per sopar i les entrades m\u00e9s id\u00f2nies per a cada esdeveniment.<\/span><\/p>\n<p><span lang=\"CA\">Perqu\u00e8 ning\u00fa \u00e9s igual i nosaltres sabem com fer-te sentir especial.<\/span>[\/vc_column_text][\/vc_column][\/vc_row]<\/p>\n","protected":false},"excerpt":{"rendered":"<p>[vc_row][vc_column width=&#8221;1\/2&#8243;][vc_single_image image=&#8221;520&#8243; img_size=&#8221;668&#215;420&#8243;][\/vc_column][vc_column width=&#8221;1\/2&#8243;][vc_column_text]Sou dels que celebren els grans esdeveniments amb un espl\u00e8ndid viatge familiar? Et ve de gust viure en primera persona un gran esdeveniment esportiu? Ja sigui el Gran Premi de M\u00f2naco o la Marat\u00f3 de Nova York&#8230; Vols viure l&#8217;experi\u00e8ncia d&#8217;assistir a l&#8217;\u00f2pera de Mil\u00e0 amb un grup d&#8217;amics? Quan ens [&hellip;]<\/p>\n","protected":false},"author":1,"featured_media":0,"parent":0,"menu_order":0,"comment_status":"closed","ping_status":"closed","template":"","meta":{"footnotes":""},"yoast_head":"<!-- This site is optimized with the Yoast SEO plugin v15.0 - https:\/\/yoast.com\/wordpress\/plugins\/seo\/ -->\n<meta name=\"robots\" content=\"index, follow, max-snippet:-1, max-image-preview:large, max-video-preview:-1\" \/>\n<link rel=\"canonical\" href=\"https:\/\/www.ireviajes.es\/viajes-exclusivos\/\" \/>\n<meta property=\"og:locale\" content=\"ca_ES\" \/>\n<meta property=\"og:type\" content=\"article\" \/>\n<meta property=\"og:title\" content=\"Viatges tem\u00e0tics - IreViajes\" \/>\n<meta property=\"og:description\" content=\"[vc_row][vc_column width=&#8221;1\/2&#8243;][vc_single_image image=&#8221;520&#8243; img_size=&#8221;668&#215;420&#8243;][\/vc_column][vc_column width=&#8221;1\/2&#8243;][vc_column_text]Sou dels que celebren els grans esdeveniments amb un espl\u00e8ndid viatge familiar? Et ve de gust viure en primera persona un gran esdeveniment esportiu? Ja sigui el Gran Premi de M\u00f2naco o la Marat\u00f3 de Nova York&#8230; Vols viure l&#8217;experi\u00e8ncia d&#8217;assistir a l&#8217;\u00f2pera de Mil\u00e0 amb un grup d&#8217;amics? Quan ens [&hellip;]\" \/>\n<meta property=\"og:url\" content=\"https:\/\/www.ireviajes.es\/viajes-exclusivos\/\" \/>\n<meta property=\"og:site_name\" content=\"IreViajes\" \/>\n<meta property=\"article:modified_time\" content=\"2016-11-02T16:24:02+00:00\" \/>\n<meta name=\"twitter:card\" content=\"summary\" \/>\n<script type=\"application\/ld+json\" class=\"yoast-schema-graph\">{\"@context\":\"https:\/\/schema.org\",\"@graph\":[{\"@type\":\"WebSite\",\"@id\":\"https:\/\/www.ireviajes.es\/ca\/#website\",\"url\":\"https:\/\/www.ireviajes.es\/ca\/\",\"name\":\"IreViajes\",\"description\":\"IreViajes\",\"potentialAction\":[{\"@type\":\"SearchAction\",\"target\":\"https:\/\/www.ireviajes.es\/ca\/?s={search_term_string}\",\"query-input\":\"required name=search_term_string\"}],\"inLanguage\":\"ca\"},{\"@type\":\"WebPage\",\"@id\":\"https:\/\/www.ireviajes.es\/viajes-exclusivos\/#webpage\",\"url\":\"https:\/\/www.ireviajes.es\/viajes-exclusivos\/\",\"name\":\"Viatges tem\\u00e0tics - IreViajes\",\"isPartOf\":{\"@id\":\"https:\/\/www.ireviajes.es\/ca\/#website\"},\"datePublished\":\"2016-06-09T09:04:42+00:00\",\"dateModified\":\"2016-11-02T16:24:02+00:00\",\"inLanguage\":\"ca\",\"potentialAction\":[{\"@type\":\"ReadAction\",\"target\":[\"https:\/\/www.ireviajes.es\/viajes-exclusivos\/\"]}]}]}<\/script>\n<!-- \/ Yoast SEO plugin. -->","_links":{"self":[{"href":"https:\/\/www.ireviajes.es\/ca\/wp-json\/wp\/v2\/pages\/715"}],"collection":[{"href":"https:\/\/www.ireviajes.es\/ca\/wp-json\/wp\/v2\/pages"}],"about":[{"href":"https:\/\/www.ireviajes.es\/ca\/wp-json\/wp\/v2\/types\/page"}],"author":[{"embeddable":true,"href":"https:\/\/www.ireviajes.es\/ca\/wp-json\/wp\/v2\/users\/1"}],"replies":[{"embeddable":true,"href":"https:\/\/www.ireviajes.es\/ca\/wp-json\/wp\/v2\/comments?post=715"}],"version-history":[{"count":1,"href":"https:\/\/www.ireviajes.es\/ca\/wp-json\/wp\/v2\/pages\/715\/revisions"}],"predecessor-version":[{"id":716,"href":"https:\/\/www.ireviajes.es\/ca\/wp-json\/wp\/v2\/pages\/715\/revisions\/716"}],"wp:attachment":[{"href":"https:\/\/www.ireviajes.es\/ca\/wp-json\/wp\/v2\/media?parent=715"}],"curies":[{"name":"wp","href":"https:\/\/api.w.org\/{rel}","templated":true}]}}