{"id":706,"date":"2016-06-09T11:06:20","date_gmt":"2016-06-09T09:06:20","guid":{"rendered":"https:\/\/www.ireviajes.es\/ca\/congresos\/"},"modified":"2016-11-02T18:28:47","modified_gmt":"2016-11-02T16:28:47","slug":"congressos","status":"publish","type":"page","link":"https:\/\/www.ireviajes.es\/ca\/congressos\/","title":{"rendered":"Congressos"},"content":{"rendered":"<p>[vc_row][vc_column][vc_row_inner][vc_column_inner width=&#8221;1\/2&#8243;][vc_single_image image=&#8221;574&#8243; img_size=&#8221;full&#8221; alignment=&#8221;center&#8221;][\/vc_column_inner][vc_column_inner width=&#8221;1\/2&#8243;][vc_column_text]Som el col\u00b7laborador perfecte per a l&#8217;organitzaci\u00f3 del teu congr\u00e9s. Ens encarreguem de tot, de principi a fi, i ens integrem plenament en la feina del comit\u00e8 organitzador perqu\u00e8 el teu esdeveniment corporatiu sigui un \u00e8xit.<\/p>\n<p>L&#8217;any 1997 vam organitzar el nostre Primer Congr\u00e9s Nacional de Medicina, al qual van assistir m\u00e9s de 800 doctors, i des d&#8217;aleshores no hem parat. La nostra experi\u00e8ncia ens ha perm\u00e8s especialitzar-nos, amb un departament que s&#8217;encarrega exclusivament de l&#8217;organitzaci\u00f3 del teu congr\u00e9s.<\/p>\n<p>Seleccionem la seu adequada, muntem els estands, dissenyem el <em>branding <\/em>corporatiu per a cada ocasi\u00f3&#8230; Sabem tenir cura de tots els detalls i, sobretot, adaptar-nos de forma resolutiva per solucionar qualsevol imprevist. Aquesta \u00e9s la nostra especialitat!<\/p>\n<p>T&#8217;oferim un equip efica\u00e7 que sap cooperar de manera efectiva, fins i tot en la recerca selectiva de fonts de finan\u00e7ament perqu\u00e8 el congr\u00e9s sigui un \u00e8xit.[\/vc_column_text][\/vc_column_inner][\/vc_row_inner][vc_row_inner el_class=&#8221;box-list&#8221;][vc_column_inner width=&#8221;1\/2&#8243;][vc_column_text]<\/p>\n<ul>\n<li>Planificaci\u00f3 de l&#8217;esdeveniment<\/li>\n<li>Elecci\u00f3 de la seu<\/li>\n<li>Muntatge d&#8217;estands<\/li>\n<li>Disseny del logotip, cartelleria i imatge publicit\u00e0ria<\/li>\n<li>Contractaci\u00f3 de l&#8217;equip hum\u00e0 necessari (hostesses, int\u00e8rprets, seguretat&#8230;)<\/li>\n<\/ul>\n<p>[\/vc_column_text][\/vc_column_inner][vc_column_inner width=&#8221;1\/2&#8243;][vc_column_text]<\/p>\n<ul>\n<li>Equipament audiovisual d&#8217;\u00faltima generaci\u00f3<\/li>\n<li>Tramitaci\u00f3 d&#8217;inscripcions<\/li>\n<li>Recepci\u00f3 de pon\u00e8ncies i <em>abstracts<\/em><\/li>\n<li>Coordinaci\u00f3 de panells i convidats (despla\u00e7aments, allotjament&#8230;)<\/li>\n<li>Serveis de c\u00e0tering<\/li>\n<\/ul>\n<p>[\/vc_column_text][\/vc_column_inner][\/vc_row_inner][\/vc_column][\/vc_row]<\/p>\n","protected":false},"excerpt":{"rendered":"<p>[vc_row][vc_column][vc_row_inner][vc_column_inner width=&#8221;1\/2&#8243;][vc_single_image image=&#8221;574&#8243; img_size=&#8221;full&#8221; alignment=&#8221;center&#8221;][\/vc_column_inner][vc_column_inner width=&#8221;1\/2&#8243;][vc_column_text]Som el col\u00b7laborador perfecte per a l&#8217;organitzaci\u00f3 del teu congr\u00e9s. Ens encarreguem de tot, de principi a fi, i ens integrem plenament en la feina del comit\u00e8 organitzador perqu\u00e8 el teu esdeveniment corporatiu sigui un \u00e8xit. L&#8217;any 1997 vam organitzar el nostre Primer Congr\u00e9s Nacional de Medicina, al qual van [&hellip;]<\/p>\n","protected":false},"author":1,"featured_media":0,"parent":0,"menu_order":0,"comment_status":"closed","ping_status":"closed","template":"","meta":{"footnotes":""},"yoast_head":"<!-- This site is optimized with the Yoast SEO plugin v15.0 - https:\/\/yoast.com\/wordpress\/plugins\/seo\/ -->\n<meta name=\"robots\" content=\"index, follow, max-snippet:-1, max-image-preview:large, max-video-preview:-1\" \/>\n<link rel=\"canonical\" href=\"https:\/\/www.ireviajes.es\/congresos\/\" \/>\n<meta property=\"og:locale\" content=\"ca_ES\" \/>\n<meta property=\"og:type\" content=\"article\" \/>\n<meta property=\"og:title\" content=\"Congressos - IreViajes\" \/>\n<meta property=\"og:description\" content=\"[vc_row][vc_column][vc_row_inner][vc_column_inner width=&#8221;1\/2&#8243;][vc_single_image image=&#8221;574&#8243; img_size=&#8221;full&#8221; alignment=&#8221;center&#8221;][\/vc_column_inner][vc_column_inner width=&#8221;1\/2&#8243;][vc_column_text]Som el col\u00b7laborador perfecte per a l&#8217;organitzaci\u00f3 del teu congr\u00e9s. Ens encarreguem de tot, de principi a fi, i ens integrem plenament en la feina del comit\u00e8 organitzador perqu\u00e8 el teu esdeveniment corporatiu sigui un \u00e8xit. L&#8217;any 1997 vam organitzar el nostre Primer Congr\u00e9s Nacional de Medicina, al qual van [&hellip;]\" \/>\n<meta property=\"og:url\" content=\"https:\/\/www.ireviajes.es\/congresos\/\" \/>\n<meta property=\"og:site_name\" content=\"IreViajes\" \/>\n<meta property=\"article:modified_time\" content=\"2016-11-02T16:28:47+00:00\" \/>\n<meta name=\"twitter:card\" content=\"summary\" \/>\n<script type=\"application\/ld+json\" class=\"yoast-schema-graph\">{\"@context\":\"https:\/\/schema.org\",\"@graph\":[{\"@type\":\"WebSite\",\"@id\":\"https:\/\/www.ireviajes.es\/ca\/#website\",\"url\":\"https:\/\/www.ireviajes.es\/ca\/\",\"name\":\"IreViajes\",\"description\":\"IreViajes\",\"potentialAction\":[{\"@type\":\"SearchAction\",\"target\":\"https:\/\/www.ireviajes.es\/ca\/?s={search_term_string}\",\"query-input\":\"required name=search_term_string\"}],\"inLanguage\":\"ca\"},{\"@type\":\"WebPage\",\"@id\":\"https:\/\/www.ireviajes.es\/congresos\/#webpage\",\"url\":\"https:\/\/www.ireviajes.es\/congresos\/\",\"name\":\"Congressos - IreViajes\",\"isPartOf\":{\"@id\":\"https:\/\/www.ireviajes.es\/ca\/#website\"},\"datePublished\":\"2016-06-09T09:06:20+00:00\",\"dateModified\":\"2016-11-02T16:28:47+00:00\",\"inLanguage\":\"ca\",\"potentialAction\":[{\"@type\":\"ReadAction\",\"target\":[\"https:\/\/www.ireviajes.es\/congresos\/\"]}]}]}<\/script>\n<!-- \/ Yoast SEO plugin. -->","_links":{"self":[{"href":"https:\/\/www.ireviajes.es\/ca\/wp-json\/wp\/v2\/pages\/706"}],"collection":[{"href":"https:\/\/www.ireviajes.es\/ca\/wp-json\/wp\/v2\/pages"}],"about":[{"href":"https:\/\/www.ireviajes.es\/ca\/wp-json\/wp\/v2\/types\/page"}],"author":[{"embeddable":true,"href":"https:\/\/www.ireviajes.es\/ca\/wp-json\/wp\/v2\/users\/1"}],"replies":[{"embeddable":true,"href":"https:\/\/www.ireviajes.es\/ca\/wp-json\/wp\/v2\/comments?post=706"}],"version-history":[{"count":1,"href":"https:\/\/www.ireviajes.es\/ca\/wp-json\/wp\/v2\/pages\/706\/revisions"}],"predecessor-version":[{"id":707,"href":"https:\/\/www.ireviajes.es\/ca\/wp-json\/wp\/v2\/pages\/706\/revisions\/707"}],"wp:attachment":[{"href":"https:\/\/www.ireviajes.es\/ca\/wp-json\/wp\/v2\/media?parent=706"}],"curies":[{"name":"wp","href":"https:\/\/api.w.org\/{rel}","templated":true}]}}