{"id":702,"date":"2016-09-08T17:06:23","date_gmt":"2016-09-08T15:06:23","guid":{"rendered":"https:\/\/www.ireviajes.es\/ca\/incentive-travel\/"},"modified":"2016-11-15T10:55:21","modified_gmt":"2016-11-15T08:55:21","slug":"viatges-incentiu","status":"publish","type":"page","link":"https:\/\/www.ireviajes.es\/ca\/viatges-incentiu\/","title":{"rendered":"Viatges d&#8217;incentiu"},"content":{"rendered":"<p>[vc_row][vc_column offset=&#8221;vc_hidden-lg&#8221;][vc_single_image image=&#8221;483&#8243;][vc_column_text]<\/p>\n<p>[\/vc_column_text][\/vc_column][\/vc_row][vc_row][vc_column width=&#8221;1\/2&#8243; offset=&#8221;vc_hidden-md vc_hidden-sm vc_hidden-xs&#8221;][vc_images_carousel images=&#8221;441,527,528,529&#8243; img_size=&#8221;668&#215;420&#8243; autoplay=&#8221;yes&#8221;][\/vc_column][vc_column width=&#8221;1\/2&#8243;][vc_column_text]Incentiu, al\u00b7licient, est\u00edmul&#8230; Aqu\u00ed tens la millor recompensa que pots oferir al teu equip per haver assolit uns objectius de venda. Un viatge d&#8217;incentiu no \u00e9s un viatge en grup, sense m\u00e9s&#8230; \u00c9s l&#8217;art de personalitzar, sorprendre, omplir d&#8217;atractius i de moments especials cada recorregut.<\/p>\n<p>\u00c9s una recompensa per una feina ben feta, en la qual totes les parts han de quedar satisfetes. L&#8217;empresa perqu\u00e8 les vendes s&#8217;incrementen en cada campanya i perqu\u00e8 els seus treballadors estan motivats. I els assistents perqu\u00e8 cada viatge els sorpr\u00e8n, els d\u00f3na reconeixement dins de l&#8217;empresa i entre els seus familiars i amics.<\/p>\n<p>Tenim clients que porten m\u00e9s de 25 anys confiant-nos el seu viatge d&#8217;incentiu, campanya rere campanya. \u00c9s un orgull i la nostra motivaci\u00f3 principal, aix\u00ed que no podem defraudar-los&#8230; Per ells ens preparem cada dia per seguir realitzant arreu del m\u00f3n:[\/vc_column_text][vc_column_text el_class=&#8221;box-list&#8221;]<\/p>\n<ul>\n<li>Viatges d&#8217;incentiu<\/li>\n<li>Convencions<\/li>\n<li>Llan\u00e7aments de producte i esdeveniments<\/li>\n<\/ul>\n<p>[\/vc_column_text][\/vc_column][\/vc_row]<\/p>\n","protected":false},"excerpt":{"rendered":"<p>[vc_row][vc_column offset=&#8221;vc_hidden-lg&#8221;][vc_single_image image=&#8221;483&#8243;][vc_column_text] [\/vc_column_text][\/vc_column][\/vc_row][vc_row][vc_column width=&#8221;1\/2&#8243; offset=&#8221;vc_hidden-md vc_hidden-sm vc_hidden-xs&#8221;][vc_images_carousel images=&#8221;441,527,528,529&#8243; img_size=&#8221;668&#215;420&#8243; autoplay=&#8221;yes&#8221;][\/vc_column][vc_column width=&#8221;1\/2&#8243;][vc_column_text]Incentiu, al\u00b7licient, est\u00edmul&#8230; Aqu\u00ed tens la millor recompensa que pots oferir al teu equip per haver assolit uns objectius de venda. Un viatge d&#8217;incentiu no \u00e9s un viatge en grup, sense m\u00e9s&#8230; \u00c9s l&#8217;art de personalitzar, sorprendre, omplir d&#8217;atractius i de moments especials cada [&hellip;]<\/p>\n","protected":false},"author":1,"featured_media":0,"parent":0,"menu_order":0,"comment_status":"closed","ping_status":"closed","template":"","meta":{"footnotes":""},"yoast_head":"<!-- This site is optimized with the Yoast SEO plugin v15.0 - https:\/\/yoast.com\/wordpress\/plugins\/seo\/ -->\n<meta name=\"robots\" content=\"index, follow, max-snippet:-1, max-image-preview:large, max-video-preview:-1\" \/>\n<link rel=\"canonical\" href=\"https:\/\/www.ireviajes.es\/viajes-de-incentivo\/\" \/>\n<meta property=\"og:locale\" content=\"ca_ES\" \/>\n<meta property=\"og:type\" content=\"article\" \/>\n<meta property=\"og:title\" content=\"Viatges d&#039;incentiu - IreViajes\" \/>\n<meta property=\"og:description\" content=\"[vc_row][vc_column offset=&#8221;vc_hidden-lg&#8221;][vc_single_image image=&#8221;483&#8243;][vc_column_text] [\/vc_column_text][\/vc_column][\/vc_row][vc_row][vc_column width=&#8221;1\/2&#8243; offset=&#8221;vc_hidden-md vc_hidden-sm vc_hidden-xs&#8221;][vc_images_carousel images=&#8221;441,527,528,529&#8243; img_size=&#8221;668&#215;420&#8243; autoplay=&#8221;yes&#8221;][\/vc_column][vc_column width=&#8221;1\/2&#8243;][vc_column_text]Incentiu, al\u00b7licient, est\u00edmul&#8230; Aqu\u00ed tens la millor recompensa que pots oferir al teu equip per haver assolit uns objectius de venda. Un viatge d&#8217;incentiu no \u00e9s un viatge en grup, sense m\u00e9s&#8230; \u00c9s l&#8217;art de personalitzar, sorprendre, omplir d&#8217;atractius i de moments especials cada [&hellip;]\" \/>\n<meta property=\"og:url\" content=\"https:\/\/www.ireviajes.es\/viajes-de-incentivo\/\" \/>\n<meta property=\"og:site_name\" content=\"IreViajes\" \/>\n<meta property=\"article:modified_time\" content=\"2016-11-15T08:55:21+00:00\" \/>\n<meta name=\"twitter:card\" content=\"summary\" \/>\n<script type=\"application\/ld+json\" class=\"yoast-schema-graph\">{\"@context\":\"https:\/\/schema.org\",\"@graph\":[{\"@type\":\"WebSite\",\"@id\":\"https:\/\/www.ireviajes.es\/ca\/#website\",\"url\":\"https:\/\/www.ireviajes.es\/ca\/\",\"name\":\"IreViajes\",\"description\":\"IreViajes\",\"potentialAction\":[{\"@type\":\"SearchAction\",\"target\":\"https:\/\/www.ireviajes.es\/ca\/?s={search_term_string}\",\"query-input\":\"required name=search_term_string\"}],\"inLanguage\":\"ca\"},{\"@type\":\"WebPage\",\"@id\":\"https:\/\/www.ireviajes.es\/viajes-de-incentivo\/#webpage\",\"url\":\"https:\/\/www.ireviajes.es\/viajes-de-incentivo\/\",\"name\":\"Viatges d'incentiu - IreViajes\",\"isPartOf\":{\"@id\":\"https:\/\/www.ireviajes.es\/ca\/#website\"},\"datePublished\":\"2016-09-08T15:06:23+00:00\",\"dateModified\":\"2016-11-15T08:55:21+00:00\",\"inLanguage\":\"ca\",\"potentialAction\":[{\"@type\":\"ReadAction\",\"target\":[\"https:\/\/www.ireviajes.es\/viajes-de-incentivo\/\"]}]}]}<\/script>\n<!-- \/ Yoast SEO plugin. -->","_links":{"self":[{"href":"https:\/\/www.ireviajes.es\/ca\/wp-json\/wp\/v2\/pages\/702"}],"collection":[{"href":"https:\/\/www.ireviajes.es\/ca\/wp-json\/wp\/v2\/pages"}],"about":[{"href":"https:\/\/www.ireviajes.es\/ca\/wp-json\/wp\/v2\/types\/page"}],"author":[{"embeddable":true,"href":"https:\/\/www.ireviajes.es\/ca\/wp-json\/wp\/v2\/users\/1"}],"replies":[{"embeddable":true,"href":"https:\/\/www.ireviajes.es\/ca\/wp-json\/wp\/v2\/comments?post=702"}],"version-history":[{"count":3,"href":"https:\/\/www.ireviajes.es\/ca\/wp-json\/wp\/v2\/pages\/702\/revisions"}],"predecessor-version":[{"id":847,"href":"https:\/\/www.ireviajes.es\/ca\/wp-json\/wp\/v2\/pages\/702\/revisions\/847"}],"wp:attachment":[{"href":"https:\/\/www.ireviajes.es\/ca\/wp-json\/wp\/v2\/media?parent=702"}],"curies":[{"name":"wp","href":"https:\/\/api.w.org\/{rel}","templated":true}]}}