{"id":696,"date":"2016-06-09T11:05:53","date_gmt":"2016-06-09T09:05:53","guid":{"rendered":"https:\/\/www.ireviajes.es\/ca\/boutique-viaje\/"},"modified":"2016-11-03T18:47:38","modified_gmt":"2016-11-03T16:47:38","slug":"boutique-viatge","status":"publish","type":"page","link":"https:\/\/www.ireviajes.es\/ca\/boutique-viatge\/","title":{"rendered":"Boutique de viatge"},"content":{"rendered":"<p>[vc_row el_class=&#8221;box-viaje-a-medida&#8221;][vc_column][vc_column_text]<\/p>\n<p style=\"text-align: center;\">Aquest departament \u00e9s &#8220;la <em>boutique <\/em>del viatge&#8221;, aqu\u00ed tot es fa artesanalment; a mida. El que importa no \u00e9s nom\u00e9s reservar l&#8217;hotel, sin\u00f3 saber quina habitaci\u00f3 \u00e9s la id\u00f2nia&#8230; I aquest \u00e9s un dels nostres principals valors; el coneixement i l&#8217;experi\u00e8ncia que tenim despr\u00e9s de tants viatges. \u00c9s molt important saber qu\u00e8 \u00e9s el que m\u00e9s us agrada, i dedicar el temps necessari a con\u00e8ixer-vos, perqu\u00e8 quan torneu ens digueu&#8230;<\/p>\n<p style=\"text-align: center;\"><em>Aquest viatge ha estat el millor!<\/em><\/p>\n<p style=\"text-align: center;\">Per aix\u00f2 disposem d&#8217;un departament especialitzat en viatges a mida. La seva missi\u00f3: confeccionar una experi\u00e8ncia \u00fanica, exclusiva i irrepetible.<\/p>\n<p style=\"text-align: center;\">Sembla tan f\u00e0cil&#8230; I nom\u00e9s uns quants ho tenim clar: no \u00e9s el mateix organitzar unes vacances, l&#8217;assist\u00e8ncia a un mundial de futbol, programar un viatge de noces o planificar amb tota la fam\u00edlia les noces d&#8217;or dels avis&#8230;<\/p>\n<p>[\/vc_column_text][\/vc_column][\/vc_row][vc_row el_class=&#8221;box-viaje-a-medida&#8221;][vc_column width=&#8221;1\/3&#8243;][vc_single_image image=&#8221;723&#8243; img_size=&#8221;full&#8221; alignment=&#8221;center&#8221; onclick=&#8221;custom_link&#8221; link=&#8221;https:\/\/www.ireviajes.es\/viajes-de-empresa\/&#8221;][\/vc_column][vc_column width=&#8221;1\/3&#8243;][vc_single_image image=&#8221;725&#8243; img_size=&#8221;full&#8221; alignment=&#8221;center&#8221; onclick=&#8221;custom_link&#8221; link=&#8221;https:\/\/www.ireviajes.es\/viaje-novios\/&#8221;][\/vc_column][vc_column width=&#8221;1\/3&#8243;][vc_single_image image=&#8221;727&#8243; img_size=&#8221;full&#8221; alignment=&#8221;center&#8221; onclick=&#8221;custom_link&#8221; link=&#8221;https:\/\/www.ireviajes.es\/viajes-tematicos\/&#8221;][\/vc_column][\/vc_row]<\/p>\n","protected":false},"excerpt":{"rendered":"<p>[vc_row el_class=&#8221;box-viaje-a-medida&#8221;][vc_column][vc_column_text] Aquest departament \u00e9s &#8220;la boutique del viatge&#8221;, aqu\u00ed tot es fa artesanalment; a mida. El que importa no \u00e9s nom\u00e9s reservar l&#8217;hotel, sin\u00f3 saber quina habitaci\u00f3 \u00e9s la id\u00f2nia&#8230; I aquest \u00e9s un dels nostres principals valors; el coneixement i l&#8217;experi\u00e8ncia que tenim despr\u00e9s de tants viatges. \u00c9s molt important saber qu\u00e8 \u00e9s [&hellip;]<\/p>\n","protected":false},"author":1,"featured_media":0,"parent":0,"menu_order":0,"comment_status":"closed","ping_status":"closed","template":"","meta":{"footnotes":""},"yoast_head":"<!-- This site is optimized with the Yoast SEO plugin v15.0 - https:\/\/yoast.com\/wordpress\/plugins\/seo\/ -->\n<meta name=\"robots\" content=\"index, follow, max-snippet:-1, max-image-preview:large, max-video-preview:-1\" \/>\n<link rel=\"canonical\" href=\"https:\/\/www.ireviajes.es\/boutique-viaje\/\" \/>\n<meta property=\"og:locale\" content=\"ca_ES\" \/>\n<meta property=\"og:type\" content=\"article\" \/>\n<meta property=\"og:title\" content=\"Boutique de viatge - IreViajes\" \/>\n<meta property=\"og:description\" content=\"[vc_row el_class=&#8221;box-viaje-a-medida&#8221;][vc_column][vc_column_text] Aquest departament \u00e9s &#8220;la boutique del viatge&#8221;, aqu\u00ed tot es fa artesanalment; a mida. El que importa no \u00e9s nom\u00e9s reservar l&#8217;hotel, sin\u00f3 saber quina habitaci\u00f3 \u00e9s la id\u00f2nia&#8230; I aquest \u00e9s un dels nostres principals valors; el coneixement i l&#8217;experi\u00e8ncia que tenim despr\u00e9s de tants viatges. \u00c9s molt important saber qu\u00e8 \u00e9s [&hellip;]\" \/>\n<meta property=\"og:url\" content=\"https:\/\/www.ireviajes.es\/boutique-viaje\/\" \/>\n<meta property=\"og:site_name\" content=\"IreViajes\" \/>\n<meta property=\"article:modified_time\" content=\"2016-11-03T16:47:38+00:00\" \/>\n<meta name=\"twitter:card\" content=\"summary\" \/>\n<script type=\"application\/ld+json\" class=\"yoast-schema-graph\">{\"@context\":\"https:\/\/schema.org\",\"@graph\":[{\"@type\":\"WebSite\",\"@id\":\"https:\/\/www.ireviajes.es\/ca\/#website\",\"url\":\"https:\/\/www.ireviajes.es\/ca\/\",\"name\":\"IreViajes\",\"description\":\"IreViajes\",\"potentialAction\":[{\"@type\":\"SearchAction\",\"target\":\"https:\/\/www.ireviajes.es\/ca\/?s={search_term_string}\",\"query-input\":\"required name=search_term_string\"}],\"inLanguage\":\"ca\"},{\"@type\":\"WebPage\",\"@id\":\"https:\/\/www.ireviajes.es\/boutique-viaje\/#webpage\",\"url\":\"https:\/\/www.ireviajes.es\/boutique-viaje\/\",\"name\":\"Boutique de viatge - IreViajes\",\"isPartOf\":{\"@id\":\"https:\/\/www.ireviajes.es\/ca\/#website\"},\"datePublished\":\"2016-06-09T09:05:53+00:00\",\"dateModified\":\"2016-11-03T16:47:38+00:00\",\"inLanguage\":\"ca\",\"potentialAction\":[{\"@type\":\"ReadAction\",\"target\":[\"https:\/\/www.ireviajes.es\/boutique-viaje\/\"]}]}]}<\/script>\n<!-- \/ Yoast SEO plugin. -->","_links":{"self":[{"href":"https:\/\/www.ireviajes.es\/ca\/wp-json\/wp\/v2\/pages\/696"}],"collection":[{"href":"https:\/\/www.ireviajes.es\/ca\/wp-json\/wp\/v2\/pages"}],"about":[{"href":"https:\/\/www.ireviajes.es\/ca\/wp-json\/wp\/v2\/types\/page"}],"author":[{"embeddable":true,"href":"https:\/\/www.ireviajes.es\/ca\/wp-json\/wp\/v2\/users\/1"}],"replies":[{"embeddable":true,"href":"https:\/\/www.ireviajes.es\/ca\/wp-json\/wp\/v2\/comments?post=696"}],"version-history":[{"count":3,"href":"https:\/\/www.ireviajes.es\/ca\/wp-json\/wp\/v2\/pages\/696\/revisions"}],"predecessor-version":[{"id":790,"href":"https:\/\/www.ireviajes.es\/ca\/wp-json\/wp\/v2\/pages\/696\/revisions\/790"}],"wp:attachment":[{"href":"https:\/\/www.ireviajes.es\/ca\/wp-json\/wp\/v2\/media?parent=696"}],"curies":[{"name":"wp","href":"https:\/\/api.w.org\/{rel}","templated":true}]}}